{"id":21330,"date":"2025-08-09T22:47:26","date_gmt":"2025-08-09T19:47:26","guid":{"rendered":"https:\/\/wally.am\/?post_type=product&#038;p=21330"},"modified":"2025-08-09T23:20:31","modified_gmt":"2025-08-09T20:20:31","slug":"krovatka-transformer-9v1-sweet-baby-delizia-v2-s-majatnikom-belyj","status":"publish","type":"product","link":"https:\/\/wally.am\/en\/product\/krovatka-transformer-9v1-sweet-baby-delizia-v2-s-majatnikom-belyj\/","title":{"rendered":"Sweet Baby Delizia V2 9-in-1 Convertible Crib with Rocking Mechanism (White)"},"content":{"rendered":"","protected":false},"excerpt":{"rendered":"<p data-start=\"189\" data-end=\"484\">The Sweet Baby Delizia V2 is a premium multifunctional convertible crib that \u201cgrows\u201d with your child and easily adapts to any needs. Thanks to its well-thought-out modular system and durable solid birch construction, it combines comfort, safety, and stylish design in an elegant <em data-start=\"468\" data-end=\"475\">ivory<\/em> shade.<\/p>\n<p data-start=\"486\" data-end=\"530\"><strong data-start=\"486\" data-end=\"528\">9 functions in one piece of furniture:<\/strong><\/p>\n<ol data-start=\"531\" data-end=\"836\">\n<li data-start=\"531\" data-end=\"571\">\n<p data-start=\"534\" data-end=\"571\">Cradle 75\u00d775 with rocking mechanism<\/p>\n<\/li>\n<li data-start=\"572\" data-end=\"627\">\n<p data-start=\"575\" data-end=\"627\">Cradle 75\u00d775 without rocking mechanism (on wheels)<\/p>\n<\/li>\n<li data-start=\"628\" data-end=\"667\">\n<p data-start=\"631\" data-end=\"667\">Crib 125\u00d775 with rocking mechanism<\/p>\n<\/li>\n<li data-start=\"668\" data-end=\"722\">\n<p data-start=\"671\" data-end=\"722\">Crib 125\u00d775 without rocking mechanism (on wheels)<\/p>\n<\/li>\n<li data-start=\"723\" data-end=\"741\">\n<p data-start=\"726\" data-end=\"741\">Round playpen<\/p>\n<\/li>\n<li data-start=\"742\" data-end=\"759\">\n<p data-start=\"745\" data-end=\"759\">Oval playpen<\/p>\n<\/li>\n<li data-start=\"760\" data-end=\"785\">\n<p data-start=\"763\" data-end=\"785\">Changing table 75\u00d750<\/p>\n<\/li>\n<li data-start=\"786\" data-end=\"811\">\n<p data-start=\"789\" data-end=\"811\">Table and two chairs<\/p>\n<\/li>\n<li data-start=\"812\" data-end=\"836\">\n<p data-start=\"815\" data-end=\"836\">Table and one chair<\/p>\n<\/li>\n<\/ol>\n<p data-start=\"838\" data-end=\"867\"><strong data-start=\"838\" data-end=\"865\">Transformation options:<\/strong><\/p>\n<ul data-start=\"868\" data-end=\"1011\">\n<li data-start=\"868\" data-end=\"888\">\n<p data-start=\"870\" data-end=\"888\">Round cradle \u2014 \u2714<\/p>\n<\/li>\n<li data-start=\"889\" data-end=\"911\">\n<p data-start=\"891\" data-end=\"911\">Changing table \u2014 \u2714<\/p>\n<\/li>\n<li data-start=\"912\" data-end=\"929\">\n<p data-start=\"914\" data-end=\"929\">Oval crib \u2014 \u2714<\/p>\n<\/li>\n<li data-start=\"930\" data-end=\"945\">\n<p data-start=\"932\" data-end=\"945\">Playpen \u2014 \u2714<\/p>\n<\/li>\n<li data-start=\"946\" data-end=\"969\">\n<p data-start=\"948\" data-end=\"969\">Table and chair \u2014 \u2714<\/p>\n<\/li>\n<li data-start=\"970\" data-end=\"998\">\n<p data-start=\"972\" data-end=\"998\">Table and two chairs \u2014 \u2714<\/p>\n<\/li>\n<li data-start=\"999\" data-end=\"1011\">\n<p data-start=\"1001\" data-end=\"1011\">Sofa \u2014 \u2714<\/p>\n<\/li>\n<\/ul>\n<p data-start=\"1013\" data-end=\"1044\"><strong data-start=\"1013\" data-end=\"1042\">Technical specifications:<\/strong><\/p>\n<ul data-start=\"1045\" data-end=\"1213\">\n<li data-start=\"1045\" data-end=\"1084\">\n<p data-start=\"1047\" data-end=\"1084\">Sleeping area: 125\u00d775 cm \/ 75\u00d775 cm<\/p>\n<\/li>\n<li data-start=\"1085\" data-end=\"1117\">\n<p data-start=\"1087\" data-end=\"1117\">Mattress height positions: 3<\/p>\n<\/li>\n<li data-start=\"1118\" data-end=\"1154\">\n<p data-start=\"1120\" data-end=\"1154\">Dimensions (L\u00d7W\u00d7H): 130\u00d780\u00d787 cm<\/p>\n<\/li>\n<li data-start=\"1155\" data-end=\"1184\">\n<p data-start=\"1157\" data-end=\"1184\">Package size: 90\u00d760\u00d740 cm<\/p>\n<\/li>\n<li data-start=\"1185\" data-end=\"1213\">\n<p data-start=\"1187\" data-end=\"1213\">Weight in package: 28 kg<\/p>\n<\/li>\n<\/ul>\n<p data-start=\"1215\" data-end=\"1238\"><strong data-start=\"1215\" data-end=\"1236\">Product features:<\/strong><\/p>\n<ul data-start=\"1239\" data-end=\"1436\">\n<li data-start=\"1239\" data-end=\"1265\">\n<p data-start=\"1241\" data-end=\"1265\">Type: convertible crib<\/p>\n<\/li>\n<li data-start=\"1266\" data-end=\"1288\">\n<p data-start=\"1268\" data-end=\"1288\">Shape: oval, round<\/p>\n<\/li>\n<li data-start=\"1289\" data-end=\"1319\">\n<p data-start=\"1291\" data-end=\"1319\">Main material: solid birch<\/p>\n<\/li>\n<li data-start=\"1320\" data-end=\"1362\">\n<p data-start=\"1322\" data-end=\"1362\">Additional materials: solid birch, MDF<\/p>\n<\/li>\n<li data-start=\"1363\" data-end=\"1405\">\n<p data-start=\"1365\" data-end=\"1405\">Rocking mechanism: side-to-side motion<\/p>\n<\/li>\n<li data-start=\"1406\" data-end=\"1436\">\n<p data-start=\"1408\" data-end=\"1436\">Removable side: detachable<\/p>\n<\/li>\n<\/ul>\n<p data-start=\"1438\" data-end=\"1455\"><strong data-start=\"1438\" data-end=\"1453\">Advantages:<\/strong><\/p>\n<ul data-start=\"1456\" data-end=\"1706\">\n<li data-start=\"1456\" data-end=\"1511\">\n<p data-start=\"1458\" data-end=\"1511\">9 functions in one product \u2014 saves space and budget<\/p>\n<\/li>\n<li data-start=\"1512\" data-end=\"1561\">\n<p data-start=\"1514\" data-end=\"1561\">Made from solid birch \u2014 eco-friendly and safe<\/p>\n<\/li>\n<li data-start=\"1562\" data-end=\"1615\">\n<p data-start=\"1564\" data-end=\"1615\">Rocking mechanism provides gentle soothing motion<\/p>\n<\/li>\n<li data-start=\"1616\" data-end=\"1661\">\n<p data-start=\"1618\" data-end=\"1661\">Easy transformation without complex tools<\/p>\n<\/li>\n<li data-start=\"1662\" data-end=\"1706\">\n<p data-start=\"1664\" data-end=\"1706\">Elegant ivory color matches any interior<\/p>\n<\/li>\n<\/ul>\n","protected":false},"featured_media":21340,"template":"","meta":[],"product_brand":[],"product_cat":[300],"product_tag":[],"class_list":{"0":"post-21330","1":"product","2":"type-product","3":"status-publish","4":"has-post-thumbnail","6":"product_cat-children-furniture-sweet-baby","8":"first","9":"outofstock","10":"sale","11":"shipping-taxable","12":"purchasable","13":"product-type-simple"},"yoast_head":"<!-- This site is optimized with the Yoast SEO plugin v25.7 - https:\/\/yoast.com\/wordpress\/plugins\/seo\/ -->\n<title>Sweet Baby Delizia V2 9-in-1 Convertible Crib with Rocking Mechanism (White) - Wally - \u0544\u0561\u0576\u056f\u0561\u056f\u0561\u0576 \u057a\u0561\u0580\u0561\u0563\u0561\u0576\u0565\u0580<\/title>\n<meta name=\"robots\" content=\"index, follow, max-snippet:-1, max-image-preview:large, max-video-preview:-1\" \/>\n<link rel=\"canonical\" href=\"https:\/\/wally.am\/en\/product\/krovatka-transformer-9v1-sweet-baby-delizia-v2-s-majatnikom-belyj\/\" \/>\n<meta property=\"og:locale\" content=\"en_US\" \/>\n<meta property=\"og:type\" content=\"article\" \/>\n<meta property=\"og:title\" content=\"Sweet Baby Delizia V2 9-in-1 Convertible Crib with Rocking Mechanism (White) - Wally - \u0544\u0561\u0576\u056f\u0561\u056f\u0561\u0576 \u057a\u0561\u0580\u0561\u0563\u0561\u0576\u0565\u0580\" \/>\n<meta property=\"og:description\" content=\"The Sweet Baby Delizia V2 is a premium multifunctional convertible crib that \u201cgrows\u201d with your child and easily adapts to any needs. Thanks to its well-thought-out modular system and durable solid birch construction, it combines comfort, safety, and stylish design in an elegant ivory shade. 9 functions in one piece of furniture:     Cradle 75\u00d775 with rocking mechanism    Cradle 75\u00d775 without rocking mechanism (on wheels)    Crib 125\u00d775 with rocking mechanism    Crib 125\u00d775 without rocking mechanism (on wheels)    Round playpen    Oval playpen    Changing table 75\u00d750    Table and two chairs    Table and one chair   Transformation options:     Round cradle \u2014 \u2714    Changing table \u2014 \u2714    Oval crib \u2014 \u2714    Playpen \u2014 \u2714    Table and chair \u2014 \u2714    Table and two chairs \u2014 \u2714    Sofa \u2014 \u2714   Technical specifications:     Sleeping area: 125\u00d775 cm \/ 75\u00d775 cm    Mattress height positions: 3    Dimensions (L\u00d7W\u00d7H): 130\u00d780\u00d787 cm    Package size: 90\u00d760\u00d740 cm    Weight in package: 28 kg   Product features:     Type: convertible crib    Shape: oval, round    Main material: solid birch    Additional materials: solid birch, MDF    Rocking mechanism: side-to-side motion    Removable side: detachable   Advantages:     9 functions in one product \u2014 saves space and budget    Made from solid birch \u2014 eco-friendly and safe    Rocking mechanism provides gentle soothing motion    Easy transformation without complex tools    Elegant ivory color matches any interior\" \/>\n<meta property=\"og:url\" content=\"https:\/\/wally.am\/en\/product\/krovatka-transformer-9v1-sweet-baby-delizia-v2-s-majatnikom-belyj\/\" \/>\n<meta property=\"og:site_name\" content=\"Wally - \u0544\u0561\u0576\u056f\u0561\u056f\u0561\u0576 \u057a\u0561\u0580\u0561\u0563\u0561\u0576\u0565\u0580\" \/>\n<meta property=\"article:publisher\" content=\"https:\/\/www.facebook.com\/wallykids\" \/>\n<meta property=\"article:modified_time\" content=\"2025-08-09T20:20:31+00:00\" \/>\n<meta property=\"og:image\" content=\"https:\/\/wally.am\/wp-content\/uploads\/2025\/08\/cgrlqmxz9e0lfv7c3t198exlylx0sey6.jpg\" \/>\n\t<meta property=\"og:image:width\" content=\"800\" \/>\n\t<meta property=\"og:image:height\" content=\"682\" \/>\n\t<meta property=\"og:image:type\" content=\"image\/jpeg\" \/>\n<meta name=\"twitter:card\" content=\"summary_large_image\" \/>\n<meta name=\"twitter:label1\" content=\"Est. reading time\" \/>\n\t<meta name=\"twitter:data1\" content=\"1 minute\" \/>\n<script type=\"application\/ld+json\" class=\"yoast-schema-graph\">{\"@context\":\"https:\/\/schema.org\",\"@graph\":[{\"@type\":\"WebPage\",\"@id\":\"https:\/\/wally.am\/en\/product\/krovatka-transformer-9v1-sweet-baby-delizia-v2-s-majatnikom-belyj\/\",\"url\":\"https:\/\/wally.am\/en\/product\/krovatka-transformer-9v1-sweet-baby-delizia-v2-s-majatnikom-belyj\/\",\"name\":\"Sweet Baby Delizia V2 9-in-1 Convertible Crib with Rocking Mechanism (White) - Wally - \u0544\u0561\u0576\u056f\u0561\u056f\u0561\u0576 \u057a\u0561\u0580\u0561\u0563\u0561\u0576\u0565\u0580\",\"isPartOf\":{\"@id\":\"https:\/\/wally.am\/en\/#website\"},\"primaryImageOfPage\":{\"@id\":\"https:\/\/wally.am\/en\/product\/krovatka-transformer-9v1-sweet-baby-delizia-v2-s-majatnikom-belyj\/#primaryimage\"},\"image\":{\"@id\":\"https:\/\/wally.am\/en\/product\/krovatka-transformer-9v1-sweet-baby-delizia-v2-s-majatnikom-belyj\/#primaryimage\"},\"thumbnailUrl\":\"https:\/\/wally.am\/wp-content\/uploads\/2025\/08\/cgrlqmxz9e0lfv7c3t198exlylx0sey6.jpg\",\"datePublished\":\"2025-08-09T19:47:26+00:00\",\"dateModified\":\"2025-08-09T20:20:31+00:00\",\"breadcrumb\":{\"@id\":\"https:\/\/wally.am\/en\/product\/krovatka-transformer-9v1-sweet-baby-delizia-v2-s-majatnikom-belyj\/#breadcrumb\"},\"inLanguage\":\"en-US\",\"potentialAction\":[{\"@type\":\"ReadAction\",\"target\":[\"https:\/\/wally.am\/en\/product\/krovatka-transformer-9v1-sweet-baby-delizia-v2-s-majatnikom-belyj\/\"]}]},{\"@type\":\"ImageObject\",\"inLanguage\":\"en-US\",\"@id\":\"https:\/\/wally.am\/en\/product\/krovatka-transformer-9v1-sweet-baby-delizia-v2-s-majatnikom-belyj\/#primaryimage\",\"url\":\"https:\/\/wally.am\/wp-content\/uploads\/2025\/08\/cgrlqmxz9e0lfv7c3t198exlylx0sey6.jpg\",\"contentUrl\":\"https:\/\/wally.am\/wp-content\/uploads\/2025\/08\/cgrlqmxz9e0lfv7c3t198exlylx0sey6.jpg\",\"width\":800,\"height\":682},{\"@type\":\"BreadcrumbList\",\"@id\":\"https:\/\/wally.am\/en\/product\/krovatka-transformer-9v1-sweet-baby-delizia-v2-s-majatnikom-belyj\/#breadcrumb\",\"itemListElement\":[{\"@type\":\"ListItem\",\"position\":1,\"name\":\"\u0533\u056c\u056d\u0561\u057e\u0578\u0580 \u0567\u057b\",\"item\":\"https:\/\/wally.am\/en\/\"},{\"@type\":\"ListItem\",\"position\":2,\"name\":\"\u041c\u0430\u0433\u0430\u0437\u0438\u043d\",\"item\":\"https:\/\/wally.am\/shop\/\"},{\"@type\":\"ListItem\",\"position\":3,\"name\":\"Sweet Baby Delizia V2 9-in-1 Convertible Crib with Rocking Mechanism (White)\"}]},{\"@type\":\"WebSite\",\"@id\":\"https:\/\/wally.am\/en\/#website\",\"url\":\"https:\/\/wally.am\/en\/\",\"name\":\"Wally - \u0544\u0561\u0576\u056f\u0561\u056f\u0561\u0576 \u057a\u0561\u0580\u0561\u0563\u0561\u0576\u0565\u0580\",\"description\":\"\",\"publisher\":{\"@id\":\"https:\/\/wally.am\/en\/#organization\"},\"potentialAction\":[{\"@type\":\"SearchAction\",\"target\":{\"@type\":\"EntryPoint\",\"urlTemplate\":\"https:\/\/wally.am\/en\/?s={search_term_string}\"},\"query-input\":{\"@type\":\"PropertyValueSpecification\",\"valueRequired\":true,\"valueName\":\"search_term_string\"}}],\"inLanguage\":\"en-US\"},{\"@type\":\"Organization\",\"@id\":\"https:\/\/wally.am\/en\/#organization\",\"name\":\"Wally - \u0544\u0561\u0576\u056f\u0561\u056f\u0561\u0576 \u057a\u0561\u0580\u0561\u0563\u0561\u0576\u0565\u0580\",\"url\":\"https:\/\/wally.am\/en\/\",\"logo\":{\"@type\":\"ImageObject\",\"inLanguage\":\"en-US\",\"@id\":\"https:\/\/wally.am\/en\/#\/schema\/logo\/image\/\",\"url\":\"https:\/\/wally.am\/wp-content\/uploads\/2025\/01\/wally-logo.png\",\"contentUrl\":\"https:\/\/wally.am\/wp-content\/uploads\/2025\/01\/wally-logo.png\",\"width\":3000,\"height\":1808,\"caption\":\"Wally - \u0544\u0561\u0576\u056f\u0561\u056f\u0561\u0576 \u057a\u0561\u0580\u0561\u0563\u0561\u0576\u0565\u0580\"},\"image\":{\"@id\":\"https:\/\/wally.am\/en\/#\/schema\/logo\/image\/\"},\"sameAs\":[\"https:\/\/www.facebook.com\/wallykids\",\"https:\/\/www.instagram.com\/wally_kids\/\"]}]}<\/script>\n<!-- \/ Yoast SEO plugin. -->","yoast_head_json":{"title":"Sweet Baby Delizia V2 9-in-1 Convertible Crib with Rocking Mechanism (White) - Wally - \u0544\u0561\u0576\u056f\u0561\u056f\u0561\u0576 \u057a\u0561\u0580\u0561\u0563\u0561\u0576\u0565\u0580","robots":{"index":"index","follow":"follow","max-snippet":"max-snippet:-1","max-image-preview":"max-image-preview:large","max-video-preview":"max-video-preview:-1"},"canonical":"https:\/\/wally.am\/en\/product\/krovatka-transformer-9v1-sweet-baby-delizia-v2-s-majatnikom-belyj\/","og_locale":"en_US","og_type":"article","og_title":"Sweet Baby Delizia V2 9-in-1 Convertible Crib with Rocking Mechanism (White) - Wally - \u0544\u0561\u0576\u056f\u0561\u056f\u0561\u0576 \u057a\u0561\u0580\u0561\u0563\u0561\u0576\u0565\u0580","og_description":"The Sweet Baby Delizia V2 is a premium multifunctional convertible crib that \u201cgrows\u201d with your child and easily adapts to any needs. Thanks to its well-thought-out modular system and durable solid birch construction, it combines comfort, safety, and stylish design in an elegant ivory shade. 9 functions in one piece of furniture:     Cradle 75\u00d775 with rocking mechanism    Cradle 75\u00d775 without rocking mechanism (on wheels)    Crib 125\u00d775 with rocking mechanism    Crib 125\u00d775 without rocking mechanism (on wheels)    Round playpen    Oval playpen    Changing table 75\u00d750    Table and two chairs    Table and one chair   Transformation options:     Round cradle \u2014 \u2714    Changing table \u2014 \u2714    Oval crib \u2014 \u2714    Playpen \u2014 \u2714    Table and chair \u2014 \u2714    Table and two chairs \u2014 \u2714    Sofa \u2014 \u2714   Technical specifications:     Sleeping area: 125\u00d775 cm \/ 75\u00d775 cm    Mattress height positions: 3    Dimensions (L\u00d7W\u00d7H): 130\u00d780\u00d787 cm    Package size: 90\u00d760\u00d740 cm    Weight in package: 28 kg   Product features:     Type: convertible crib    Shape: oval, round    Main material: solid birch    Additional materials: solid birch, MDF    Rocking mechanism: side-to-side motion    Removable side: detachable   Advantages:     9 functions in one product \u2014 saves space and budget    Made from solid birch \u2014 eco-friendly and safe    Rocking mechanism provides gentle soothing motion    Easy transformation without complex tools    Elegant ivory color matches any interior","og_url":"https:\/\/wally.am\/en\/product\/krovatka-transformer-9v1-sweet-baby-delizia-v2-s-majatnikom-belyj\/","og_site_name":"Wally - \u0544\u0561\u0576\u056f\u0561\u056f\u0561\u0576 \u057a\u0561\u0580\u0561\u0563\u0561\u0576\u0565\u0580","article_publisher":"https:\/\/www.facebook.com\/wallykids","article_modified_time":"2025-08-09T20:20:31+00:00","og_image":[{"width":800,"height":682,"url":"https:\/\/wally.am\/wp-content\/uploads\/2025\/08\/cgrlqmxz9e0lfv7c3t198exlylx0sey6.jpg","type":"image\/jpeg"}],"twitter_card":"summary_large_image","twitter_misc":{"Est. reading time":"1 minute"},"schema":{"@context":"https:\/\/schema.org","@graph":[{"@type":"WebPage","@id":"https:\/\/wally.am\/en\/product\/krovatka-transformer-9v1-sweet-baby-delizia-v2-s-majatnikom-belyj\/","url":"https:\/\/wally.am\/en\/product\/krovatka-transformer-9v1-sweet-baby-delizia-v2-s-majatnikom-belyj\/","name":"Sweet Baby Delizia V2 9-in-1 Convertible Crib with Rocking Mechanism (White) - Wally - \u0544\u0561\u0576\u056f\u0561\u056f\u0561\u0576 \u057a\u0561\u0580\u0561\u0563\u0561\u0576\u0565\u0580","isPartOf":{"@id":"https:\/\/wally.am\/en\/#website"},"primaryImageOfPage":{"@id":"https:\/\/wally.am\/en\/product\/krovatka-transformer-9v1-sweet-baby-delizia-v2-s-majatnikom-belyj\/#primaryimage"},"image":{"@id":"https:\/\/wally.am\/en\/product\/krovatka-transformer-9v1-sweet-baby-delizia-v2-s-majatnikom-belyj\/#primaryimage"},"thumbnailUrl":"https:\/\/wally.am\/wp-content\/uploads\/2025\/08\/cgrlqmxz9e0lfv7c3t198exlylx0sey6.jpg","datePublished":"2025-08-09T19:47:26+00:00","dateModified":"2025-08-09T20:20:31+00:00","breadcrumb":{"@id":"https:\/\/wally.am\/en\/product\/krovatka-transformer-9v1-sweet-baby-delizia-v2-s-majatnikom-belyj\/#breadcrumb"},"inLanguage":"en-US","potentialAction":[{"@type":"ReadAction","target":["https:\/\/wally.am\/en\/product\/krovatka-transformer-9v1-sweet-baby-delizia-v2-s-majatnikom-belyj\/"]}]},{"@type":"ImageObject","inLanguage":"en-US","@id":"https:\/\/wally.am\/en\/product\/krovatka-transformer-9v1-sweet-baby-delizia-v2-s-majatnikom-belyj\/#primaryimage","url":"https:\/\/wally.am\/wp-content\/uploads\/2025\/08\/cgrlqmxz9e0lfv7c3t198exlylx0sey6.jpg","contentUrl":"https:\/\/wally.am\/wp-content\/uploads\/2025\/08\/cgrlqmxz9e0lfv7c3t198exlylx0sey6.jpg","width":800,"height":682},{"@type":"BreadcrumbList","@id":"https:\/\/wally.am\/en\/product\/krovatka-transformer-9v1-sweet-baby-delizia-v2-s-majatnikom-belyj\/#breadcrumb","itemListElement":[{"@type":"ListItem","position":1,"name":"\u0533\u056c\u056d\u0561\u057e\u0578\u0580 \u0567\u057b","item":"https:\/\/wally.am\/en\/"},{"@type":"ListItem","position":2,"name":"\u041c\u0430\u0433\u0430\u0437\u0438\u043d","item":"https:\/\/wally.am\/shop\/"},{"@type":"ListItem","position":3,"name":"Sweet Baby Delizia V2 9-in-1 Convertible Crib with Rocking Mechanism (White)"}]},{"@type":"WebSite","@id":"https:\/\/wally.am\/en\/#website","url":"https:\/\/wally.am\/en\/","name":"Wally - \u0544\u0561\u0576\u056f\u0561\u056f\u0561\u0576 \u057a\u0561\u0580\u0561\u0563\u0561\u0576\u0565\u0580","description":"","publisher":{"@id":"https:\/\/wally.am\/en\/#organization"},"potentialAction":[{"@type":"SearchAction","target":{"@type":"EntryPoint","urlTemplate":"https:\/\/wally.am\/en\/?s={search_term_string}"},"query-input":{"@type":"PropertyValueSpecification","valueRequired":true,"valueName":"search_term_string"}}],"inLanguage":"en-US"},{"@type":"Organization","@id":"https:\/\/wally.am\/en\/#organization","name":"Wally - \u0544\u0561\u0576\u056f\u0561\u056f\u0561\u0576 \u057a\u0561\u0580\u0561\u0563\u0561\u0576\u0565\u0580","url":"https:\/\/wally.am\/en\/","logo":{"@type":"ImageObject","inLanguage":"en-US","@id":"https:\/\/wally.am\/en\/#\/schema\/logo\/image\/","url":"https:\/\/wally.am\/wp-content\/uploads\/2025\/01\/wally-logo.png","contentUrl":"https:\/\/wally.am\/wp-content\/uploads\/2025\/01\/wally-logo.png","width":3000,"height":1808,"caption":"Wally - \u0544\u0561\u0576\u056f\u0561\u056f\u0561\u0576 \u057a\u0561\u0580\u0561\u0563\u0561\u0576\u0565\u0580"},"image":{"@id":"https:\/\/wally.am\/en\/#\/schema\/logo\/image\/"},"sameAs":["https:\/\/www.facebook.com\/wallykids","https:\/\/www.instagram.com\/wally_kids\/"]}]}},"_links":{"self":[{"href":"https:\/\/wally.am\/en\/wp-json\/wp\/v2\/product\/21330","targetHints":{"allow":["GET"]}}],"collection":[{"href":"https:\/\/wally.am\/en\/wp-json\/wp\/v2\/product"}],"about":[{"href":"https:\/\/wally.am\/en\/wp-json\/wp\/v2\/types\/product"}],"version-history":[{"count":3,"href":"https:\/\/wally.am\/en\/wp-json\/wp\/v2\/product\/21330\/revisions"}],"predecessor-version":[{"id":21359,"href":"https:\/\/wally.am\/en\/wp-json\/wp\/v2\/product\/21330\/revisions\/21359"}],"wp:featuredmedia":[{"embeddable":true,"href":"https:\/\/wally.am\/en\/wp-json\/wp\/v2\/media\/21340"}],"wp:attachment":[{"href":"https:\/\/wally.am\/en\/wp-json\/wp\/v2\/media?parent=21330"}],"wp:term":[{"taxonomy":"product_brand","embeddable":true,"href":"https:\/\/wally.am\/en\/wp-json\/wp\/v2\/product_brand?post=21330"},{"taxonomy":"product_cat","embeddable":true,"href":"https:\/\/wally.am\/en\/wp-json\/wp\/v2\/product_cat?post=21330"},{"taxonomy":"product_tag","embeddable":true,"href":"https:\/\/wally.am\/en\/wp-json\/wp\/v2\/product_tag?post=21330"}],"curies":[{"name":"wp","href":"https:\/\/api.w.org\/{rel}","templated":true}]}}