{"id":21690,"date":"2025-08-10T00:53:17","date_gmt":"2025-08-09T21:53:17","guid":{"rendered":"https:\/\/wally.am\/?post_type=product&#038;p=21690"},"modified":"2025-08-10T00:58:23","modified_gmt":"2025-08-09T21:58:23","slug":"detskaja-krovatka-sweet-baby-nuovo-s-majatnikom-kashemir-belyj","status":"publish","type":"product","link":"https:\/\/wally.am\/en\/product\/detskaja-krovatka-sweet-baby-nuovo-s-majatnikom-kashemir-belyj\/","title":{"rendered":"Sweet Baby Nuovo Baby Crib (cashmere\/white)"},"content":{"rendered":"","protected":false},"excerpt":{"rendered":"<p data-start=\"128\" data-end=\"345\">The Sweet Baby Nuovo is a classic baby crib that combines comfort, safety, and elegant design. Made from durable solid birch with MDF elements, it is built to last and will blend perfectly into any nursery interior.<\/p>\n<p data-start=\"347\" data-end=\"642\">The longitudinal rocking mechanism provides smooth, gentle motion to help soothe your baby quickly. The drop-side rail makes caring for your child easier \u2014 allowing parents to change bedding effortlessly, pick up the baby, or let a grown child leave the crib independently during waking hours.<\/p>\n<p data-start=\"644\" data-end=\"768\">For maximum comfort and safety, the backrest can be adjusted to 2 positions, and the mattress base offers 3 height levels:<\/p>\n<ul data-start=\"769\" data-end=\"907\">\n<li data-start=\"769\" data-end=\"797\">\n<p data-start=\"771\" data-end=\"797\"><strong data-start=\"771\" data-end=\"780\">Upper<\/strong> \u2014 for newborns<\/p>\n<\/li>\n<li data-start=\"798\" data-end=\"852\">\n<p data-start=\"800\" data-end=\"852\"><strong data-start=\"800\" data-end=\"810\">Middle<\/strong> \u2014 for babies who have started to sit up<\/p>\n<\/li>\n<li data-start=\"853\" data-end=\"907\">\n<p data-start=\"855\" data-end=\"907\"><strong data-start=\"855\" data-end=\"864\">Lower<\/strong> \u2014 for children who can stand confidently<\/p>\n<\/li>\n<\/ul>\n<p data-start=\"909\" data-end=\"926\"><strong data-start=\"909\" data-end=\"924\">Advantages:<\/strong><\/p>\n<ul data-start=\"927\" data-end=\"1215\">\n<li data-start=\"927\" data-end=\"976\">\n<p data-start=\"929\" data-end=\"976\">Natural solid birch \u2014 strong and eco-friendly<\/p>\n<\/li>\n<li data-start=\"977\" data-end=\"1039\">\n<p data-start=\"979\" data-end=\"1039\">Longitudinal rocking mechanism \u2014 smooth and natural motion<\/p>\n<\/li>\n<li data-start=\"1040\" data-end=\"1104\">\n<p data-start=\"1042\" data-end=\"1104\">Drop-side rail for easier care and interaction with the baby<\/p>\n<\/li>\n<li data-start=\"1105\" data-end=\"1145\">\n<p data-start=\"1107\" data-end=\"1145\">Adjustable backrest with 2 positions<\/p>\n<\/li>\n<li data-start=\"1146\" data-end=\"1215\">\n<p data-start=\"1148\" data-end=\"1215\">3 mattress base heights for different stages of child development<\/p>\n<\/li>\n<\/ul>\n<p data-start=\"1217\" data-end=\"1248\"><strong data-start=\"1217\" data-end=\"1246\">Technical specifications:<\/strong><\/p>\n<ul data-start=\"1249\" data-end=\"1501\">\n<li data-start=\"1249\" data-end=\"1277\">\n<p data-start=\"1251\" data-end=\"1277\">Sleeping area: 120\u00d760 cm<\/p>\n<\/li>\n<li data-start=\"1278\" data-end=\"1310\">\n<p data-start=\"1280\" data-end=\"1310\">Mattress height positions: 3<\/p>\n<\/li>\n<li data-start=\"1311\" data-end=\"1351\">\n<p data-start=\"1313\" data-end=\"1351\">Dimensions (L\u00d7W\u00d7H): 124.5\u00d767\u00d798.3 cm<\/p>\n<\/li>\n<li data-start=\"1352\" data-end=\"1386\">\n<p data-start=\"1354\" data-end=\"1386\">Package size: 124.5\u00d767\u00d798.3 cm<\/p>\n<\/li>\n<li data-start=\"1387\" data-end=\"1409\">\n<p data-start=\"1389\" data-end=\"1409\">Type: classic crib<\/p>\n<\/li>\n<li data-start=\"1410\" data-end=\"1441\">\n<p data-start=\"1412\" data-end=\"1441\">Materials: solid birch, MDF<\/p>\n<\/li>\n<li data-start=\"1442\" data-end=\"1477\">\n<p data-start=\"1444\" data-end=\"1477\">Rocking mechanism: longitudinal<\/p>\n<\/li>\n<li data-start=\"1478\" data-end=\"1501\">\n<p data-start=\"1480\" data-end=\"1501\">Drop-side rail: yes<\/p>\n<\/li>\n<\/ul>\n","protected":false},"featured_media":21713,"template":"","meta":[],"product_brand":[],"product_cat":[300],"product_tag":[],"class_list":{"0":"post-21690","1":"product","2":"type-product","3":"status-publish","4":"has-post-thumbnail","6":"product_cat-children-furniture-sweet-baby","8":"first","9":"outofstock","10":"sale","11":"shipping-taxable","12":"purchasable","13":"product-type-simple"},"yoast_head":"<!-- This site is optimized with the Yoast SEO plugin v25.7 - https:\/\/yoast.com\/wordpress\/plugins\/seo\/ -->\n<title>Sweet Baby Nuovo Baby Crib (cashmere\/white) - Wally - \u0544\u0561\u0576\u056f\u0561\u056f\u0561\u0576 \u057a\u0561\u0580\u0561\u0563\u0561\u0576\u0565\u0580<\/title>\n<meta name=\"robots\" content=\"index, follow, max-snippet:-1, max-image-preview:large, max-video-preview:-1\" \/>\n<link rel=\"canonical\" href=\"https:\/\/wally.am\/en\/product\/detskaja-krovatka-sweet-baby-nuovo-s-majatnikom-kashemir-belyj\/\" \/>\n<meta property=\"og:locale\" content=\"en_US\" \/>\n<meta property=\"og:type\" content=\"article\" \/>\n<meta property=\"og:title\" content=\"Sweet Baby Nuovo Baby Crib (cashmere\/white) - Wally - \u0544\u0561\u0576\u056f\u0561\u056f\u0561\u0576 \u057a\u0561\u0580\u0561\u0563\u0561\u0576\u0565\u0580\" \/>\n<meta property=\"og:description\" content=\"The Sweet Baby Nuovo is a classic baby crib that combines comfort, safety, and elegant design. Made from durable solid birch with MDF elements, it is built to last and will blend perfectly into any nursery interior. The longitudinal rocking mechanism provides smooth, gentle motion to help soothe your baby quickly. The drop-side rail makes caring for your child easier \u2014 allowing parents to change bedding effortlessly, pick up the baby, or let a grown child leave the crib independently during waking hours. For maximum comfort and safety, the backrest can be adjusted to 2 positions, and the mattress base offers 3 height levels:     Upper \u2014 for newborns    Middle \u2014 for babies who have started to sit up    Lower \u2014 for children who can stand confidently   Advantages:     Natural solid birch \u2014 strong and eco-friendly    Longitudinal rocking mechanism \u2014 smooth and natural motion    Drop-side rail for easier care and interaction with the baby    Adjustable backrest with 2 positions    3 mattress base heights for different stages of child development   Technical specifications:     Sleeping area: 120\u00d760 cm    Mattress height positions: 3    Dimensions (L\u00d7W\u00d7H): 124.5\u00d767\u00d798.3 cm    Package size: 124.5\u00d767\u00d798.3 cm    Type: classic crib    Materials: solid birch, MDF    Rocking mechanism: longitudinal    Drop-side rail: yes\" \/>\n<meta property=\"og:url\" content=\"https:\/\/wally.am\/en\/product\/detskaja-krovatka-sweet-baby-nuovo-s-majatnikom-kashemir-belyj\/\" \/>\n<meta property=\"og:site_name\" content=\"Wally - \u0544\u0561\u0576\u056f\u0561\u056f\u0561\u0576 \u057a\u0561\u0580\u0561\u0563\u0561\u0576\u0565\u0580\" \/>\n<meta property=\"article:publisher\" content=\"https:\/\/www.facebook.com\/wallykids\" \/>\n<meta property=\"article:modified_time\" content=\"2025-08-09T21:58:23+00:00\" \/>\n<meta property=\"og:image\" content=\"https:\/\/wally.am\/wp-content\/uploads\/2025\/08\/nuovo-kash-1.png\" \/>\n\t<meta property=\"og:image:width\" content=\"1024\" \/>\n\t<meta property=\"og:image:height\" content=\"1024\" \/>\n\t<meta property=\"og:image:type\" content=\"image\/png\" \/>\n<meta name=\"twitter:card\" content=\"summary_large_image\" \/>\n<meta name=\"twitter:label1\" content=\"Est. reading time\" \/>\n\t<meta name=\"twitter:data1\" content=\"1 minute\" \/>\n<script type=\"application\/ld+json\" class=\"yoast-schema-graph\">{\"@context\":\"https:\/\/schema.org\",\"@graph\":[{\"@type\":\"WebPage\",\"@id\":\"https:\/\/wally.am\/en\/product\/detskaja-krovatka-sweet-baby-nuovo-s-majatnikom-kashemir-belyj\/\",\"url\":\"https:\/\/wally.am\/en\/product\/detskaja-krovatka-sweet-baby-nuovo-s-majatnikom-kashemir-belyj\/\",\"name\":\"Sweet Baby Nuovo Baby Crib (cashmere\/white) - Wally - \u0544\u0561\u0576\u056f\u0561\u056f\u0561\u0576 \u057a\u0561\u0580\u0561\u0563\u0561\u0576\u0565\u0580\",\"isPartOf\":{\"@id\":\"https:\/\/wally.am\/en\/#website\"},\"primaryImageOfPage\":{\"@id\":\"https:\/\/wally.am\/en\/product\/detskaja-krovatka-sweet-baby-nuovo-s-majatnikom-kashemir-belyj\/#primaryimage\"},\"image\":{\"@id\":\"https:\/\/wally.am\/en\/product\/detskaja-krovatka-sweet-baby-nuovo-s-majatnikom-kashemir-belyj\/#primaryimage\"},\"thumbnailUrl\":\"https:\/\/wally.am\/wp-content\/uploads\/2025\/08\/nuovo-kash-1.png\",\"datePublished\":\"2025-08-09T21:53:17+00:00\",\"dateModified\":\"2025-08-09T21:58:23+00:00\",\"breadcrumb\":{\"@id\":\"https:\/\/wally.am\/en\/product\/detskaja-krovatka-sweet-baby-nuovo-s-majatnikom-kashemir-belyj\/#breadcrumb\"},\"inLanguage\":\"en-US\",\"potentialAction\":[{\"@type\":\"ReadAction\",\"target\":[\"https:\/\/wally.am\/en\/product\/detskaja-krovatka-sweet-baby-nuovo-s-majatnikom-kashemir-belyj\/\"]}]},{\"@type\":\"ImageObject\",\"inLanguage\":\"en-US\",\"@id\":\"https:\/\/wally.am\/en\/product\/detskaja-krovatka-sweet-baby-nuovo-s-majatnikom-kashemir-belyj\/#primaryimage\",\"url\":\"https:\/\/wally.am\/wp-content\/uploads\/2025\/08\/nuovo-kash-1.png\",\"contentUrl\":\"https:\/\/wally.am\/wp-content\/uploads\/2025\/08\/nuovo-kash-1.png\",\"width\":1024,\"height\":1024},{\"@type\":\"BreadcrumbList\",\"@id\":\"https:\/\/wally.am\/en\/product\/detskaja-krovatka-sweet-baby-nuovo-s-majatnikom-kashemir-belyj\/#breadcrumb\",\"itemListElement\":[{\"@type\":\"ListItem\",\"position\":1,\"name\":\"\u0533\u056c\u056d\u0561\u057e\u0578\u0580 \u0567\u057b\",\"item\":\"https:\/\/wally.am\/en\/\"},{\"@type\":\"ListItem\",\"position\":2,\"name\":\"\u041c\u0430\u0433\u0430\u0437\u0438\u043d\",\"item\":\"https:\/\/wally.am\/shop\/\"},{\"@type\":\"ListItem\",\"position\":3,\"name\":\"Sweet Baby Nuovo Baby Crib (cashmere\/white)\"}]},{\"@type\":\"WebSite\",\"@id\":\"https:\/\/wally.am\/en\/#website\",\"url\":\"https:\/\/wally.am\/en\/\",\"name\":\"Wally - \u0544\u0561\u0576\u056f\u0561\u056f\u0561\u0576 \u057a\u0561\u0580\u0561\u0563\u0561\u0576\u0565\u0580\",\"description\":\"\",\"publisher\":{\"@id\":\"https:\/\/wally.am\/en\/#organization\"},\"potentialAction\":[{\"@type\":\"SearchAction\",\"target\":{\"@type\":\"EntryPoint\",\"urlTemplate\":\"https:\/\/wally.am\/en\/?s={search_term_string}\"},\"query-input\":{\"@type\":\"PropertyValueSpecification\",\"valueRequired\":true,\"valueName\":\"search_term_string\"}}],\"inLanguage\":\"en-US\"},{\"@type\":\"Organization\",\"@id\":\"https:\/\/wally.am\/en\/#organization\",\"name\":\"Wally - \u0544\u0561\u0576\u056f\u0561\u056f\u0561\u0576 \u057a\u0561\u0580\u0561\u0563\u0561\u0576\u0565\u0580\",\"url\":\"https:\/\/wally.am\/en\/\",\"logo\":{\"@type\":\"ImageObject\",\"inLanguage\":\"en-US\",\"@id\":\"https:\/\/wally.am\/en\/#\/schema\/logo\/image\/\",\"url\":\"https:\/\/wally.am\/wp-content\/uploads\/2025\/01\/wally-logo.png\",\"contentUrl\":\"https:\/\/wally.am\/wp-content\/uploads\/2025\/01\/wally-logo.png\",\"width\":3000,\"height\":1808,\"caption\":\"Wally - \u0544\u0561\u0576\u056f\u0561\u056f\u0561\u0576 \u057a\u0561\u0580\u0561\u0563\u0561\u0576\u0565\u0580\"},\"image\":{\"@id\":\"https:\/\/wally.am\/en\/#\/schema\/logo\/image\/\"},\"sameAs\":[\"https:\/\/www.facebook.com\/wallykids\",\"https:\/\/www.instagram.com\/wally_kids\/\"]}]}<\/script>\n<!-- \/ Yoast SEO plugin. -->","yoast_head_json":{"title":"Sweet Baby Nuovo Baby Crib (cashmere\/white) - Wally - \u0544\u0561\u0576\u056f\u0561\u056f\u0561\u0576 \u057a\u0561\u0580\u0561\u0563\u0561\u0576\u0565\u0580","robots":{"index":"index","follow":"follow","max-snippet":"max-snippet:-1","max-image-preview":"max-image-preview:large","max-video-preview":"max-video-preview:-1"},"canonical":"https:\/\/wally.am\/en\/product\/detskaja-krovatka-sweet-baby-nuovo-s-majatnikom-kashemir-belyj\/","og_locale":"en_US","og_type":"article","og_title":"Sweet Baby Nuovo Baby Crib (cashmere\/white) - Wally - \u0544\u0561\u0576\u056f\u0561\u056f\u0561\u0576 \u057a\u0561\u0580\u0561\u0563\u0561\u0576\u0565\u0580","og_description":"The Sweet Baby Nuovo is a classic baby crib that combines comfort, safety, and elegant design. Made from durable solid birch with MDF elements, it is built to last and will blend perfectly into any nursery interior. The longitudinal rocking mechanism provides smooth, gentle motion to help soothe your baby quickly. The drop-side rail makes caring for your child easier \u2014 allowing parents to change bedding effortlessly, pick up the baby, or let a grown child leave the crib independently during waking hours. For maximum comfort and safety, the backrest can be adjusted to 2 positions, and the mattress base offers 3 height levels:     Upper \u2014 for newborns    Middle \u2014 for babies who have started to sit up    Lower \u2014 for children who can stand confidently   Advantages:     Natural solid birch \u2014 strong and eco-friendly    Longitudinal rocking mechanism \u2014 smooth and natural motion    Drop-side rail for easier care and interaction with the baby    Adjustable backrest with 2 positions    3 mattress base heights for different stages of child development   Technical specifications:     Sleeping area: 120\u00d760 cm    Mattress height positions: 3    Dimensions (L\u00d7W\u00d7H): 124.5\u00d767\u00d798.3 cm    Package size: 124.5\u00d767\u00d798.3 cm    Type: classic crib    Materials: solid birch, MDF    Rocking mechanism: longitudinal    Drop-side rail: yes","og_url":"https:\/\/wally.am\/en\/product\/detskaja-krovatka-sweet-baby-nuovo-s-majatnikom-kashemir-belyj\/","og_site_name":"Wally - \u0544\u0561\u0576\u056f\u0561\u056f\u0561\u0576 \u057a\u0561\u0580\u0561\u0563\u0561\u0576\u0565\u0580","article_publisher":"https:\/\/www.facebook.com\/wallykids","article_modified_time":"2025-08-09T21:58:23+00:00","og_image":[{"width":1024,"height":1024,"url":"https:\/\/wally.am\/wp-content\/uploads\/2025\/08\/nuovo-kash-1.png","type":"image\/png"}],"twitter_card":"summary_large_image","twitter_misc":{"Est. reading time":"1 minute"},"schema":{"@context":"https:\/\/schema.org","@graph":[{"@type":"WebPage","@id":"https:\/\/wally.am\/en\/product\/detskaja-krovatka-sweet-baby-nuovo-s-majatnikom-kashemir-belyj\/","url":"https:\/\/wally.am\/en\/product\/detskaja-krovatka-sweet-baby-nuovo-s-majatnikom-kashemir-belyj\/","name":"Sweet Baby Nuovo Baby Crib (cashmere\/white) - Wally - \u0544\u0561\u0576\u056f\u0561\u056f\u0561\u0576 \u057a\u0561\u0580\u0561\u0563\u0561\u0576\u0565\u0580","isPartOf":{"@id":"https:\/\/wally.am\/en\/#website"},"primaryImageOfPage":{"@id":"https:\/\/wally.am\/en\/product\/detskaja-krovatka-sweet-baby-nuovo-s-majatnikom-kashemir-belyj\/#primaryimage"},"image":{"@id":"https:\/\/wally.am\/en\/product\/detskaja-krovatka-sweet-baby-nuovo-s-majatnikom-kashemir-belyj\/#primaryimage"},"thumbnailUrl":"https:\/\/wally.am\/wp-content\/uploads\/2025\/08\/nuovo-kash-1.png","datePublished":"2025-08-09T21:53:17+00:00","dateModified":"2025-08-09T21:58:23+00:00","breadcrumb":{"@id":"https:\/\/wally.am\/en\/product\/detskaja-krovatka-sweet-baby-nuovo-s-majatnikom-kashemir-belyj\/#breadcrumb"},"inLanguage":"en-US","potentialAction":[{"@type":"ReadAction","target":["https:\/\/wally.am\/en\/product\/detskaja-krovatka-sweet-baby-nuovo-s-majatnikom-kashemir-belyj\/"]}]},{"@type":"ImageObject","inLanguage":"en-US","@id":"https:\/\/wally.am\/en\/product\/detskaja-krovatka-sweet-baby-nuovo-s-majatnikom-kashemir-belyj\/#primaryimage","url":"https:\/\/wally.am\/wp-content\/uploads\/2025\/08\/nuovo-kash-1.png","contentUrl":"https:\/\/wally.am\/wp-content\/uploads\/2025\/08\/nuovo-kash-1.png","width":1024,"height":1024},{"@type":"BreadcrumbList","@id":"https:\/\/wally.am\/en\/product\/detskaja-krovatka-sweet-baby-nuovo-s-majatnikom-kashemir-belyj\/#breadcrumb","itemListElement":[{"@type":"ListItem","position":1,"name":"\u0533\u056c\u056d\u0561\u057e\u0578\u0580 \u0567\u057b","item":"https:\/\/wally.am\/en\/"},{"@type":"ListItem","position":2,"name":"\u041c\u0430\u0433\u0430\u0437\u0438\u043d","item":"https:\/\/wally.am\/shop\/"},{"@type":"ListItem","position":3,"name":"Sweet Baby Nuovo Baby Crib (cashmere\/white)"}]},{"@type":"WebSite","@id":"https:\/\/wally.am\/en\/#website","url":"https:\/\/wally.am\/en\/","name":"Wally - \u0544\u0561\u0576\u056f\u0561\u056f\u0561\u0576 \u057a\u0561\u0580\u0561\u0563\u0561\u0576\u0565\u0580","description":"","publisher":{"@id":"https:\/\/wally.am\/en\/#organization"},"potentialAction":[{"@type":"SearchAction","target":{"@type":"EntryPoint","urlTemplate":"https:\/\/wally.am\/en\/?s={search_term_string}"},"query-input":{"@type":"PropertyValueSpecification","valueRequired":true,"valueName":"search_term_string"}}],"inLanguage":"en-US"},{"@type":"Organization","@id":"https:\/\/wally.am\/en\/#organization","name":"Wally - \u0544\u0561\u0576\u056f\u0561\u056f\u0561\u0576 \u057a\u0561\u0580\u0561\u0563\u0561\u0576\u0565\u0580","url":"https:\/\/wally.am\/en\/","logo":{"@type":"ImageObject","inLanguage":"en-US","@id":"https:\/\/wally.am\/en\/#\/schema\/logo\/image\/","url":"https:\/\/wally.am\/wp-content\/uploads\/2025\/01\/wally-logo.png","contentUrl":"https:\/\/wally.am\/wp-content\/uploads\/2025\/01\/wally-logo.png","width":3000,"height":1808,"caption":"Wally - \u0544\u0561\u0576\u056f\u0561\u056f\u0561\u0576 \u057a\u0561\u0580\u0561\u0563\u0561\u0576\u0565\u0580"},"image":{"@id":"https:\/\/wally.am\/en\/#\/schema\/logo\/image\/"},"sameAs":["https:\/\/www.facebook.com\/wallykids","https:\/\/www.instagram.com\/wally_kids\/"]}]}},"_links":{"self":[{"href":"https:\/\/wally.am\/en\/wp-json\/wp\/v2\/product\/21690","targetHints":{"allow":["GET"]}}],"collection":[{"href":"https:\/\/wally.am\/en\/wp-json\/wp\/v2\/product"}],"about":[{"href":"https:\/\/wally.am\/en\/wp-json\/wp\/v2\/types\/product"}],"version-history":[{"count":2,"href":"https:\/\/wally.am\/en\/wp-json\/wp\/v2\/product\/21690\/revisions"}],"predecessor-version":[{"id":21719,"href":"https:\/\/wally.am\/en\/wp-json\/wp\/v2\/product\/21690\/revisions\/21719"}],"wp:featuredmedia":[{"embeddable":true,"href":"https:\/\/wally.am\/en\/wp-json\/wp\/v2\/media\/21713"}],"wp:attachment":[{"href":"https:\/\/wally.am\/en\/wp-json\/wp\/v2\/media?parent=21690"}],"wp:term":[{"taxonomy":"product_brand","embeddable":true,"href":"https:\/\/wally.am\/en\/wp-json\/wp\/v2\/product_brand?post=21690"},{"taxonomy":"product_cat","embeddable":true,"href":"https:\/\/wally.am\/en\/wp-json\/wp\/v2\/product_cat?post=21690"},{"taxonomy":"product_tag","embeddable":true,"href":"https:\/\/wally.am\/en\/wp-json\/wp\/v2\/product_tag?post=21690"}],"curies":[{"name":"wp","href":"https:\/\/api.w.org\/{rel}","templated":true}]}}