{"id":22907,"date":"2025-11-13T22:32:58","date_gmt":"2025-11-13T19:32:58","guid":{"rendered":"https:\/\/wally.am\/?post_type=product&#038;p=22907"},"modified":"2026-03-26T23:35:17","modified_gmt":"2026-03-26T20:35:17","slug":"faktum-flip-white-oak-chest","status":"publish","type":"product","link":"https:\/\/wally.am\/en\/product\/faktum-flip-white-oak-chest\/","title":{"rendered":"Faktum Flip White &#038; Oak Chest"},"content":{"rendered":"<p class=\" translation-block\" data-start=\"79\" data-end=\"497\">The FLIP White &amp; Oak Chest is not only a delight to the eye but also a practical storage unit for everyday use. Its three drawers, each with a capacity of 46 litres, offer ample space for everything from nappies to clothes \u2013 because in a nursery there can never be enough storage. The Chest Extension can be easily removed, allowing the Chest to remain in use long-term as a stylish piece of furniture that adorns your home.<\/p>\n<p class=\" translation-block\" data-start=\"499\" data-end=\"905\">The Chest stands on four slender legs, with its white surfaces framed by wood-effect top and bottom panels, creating a look that is both modern and homely. The elongated handles add a playful character to the overall design. The product is T\u00dcV certified, so you can be sure it meets the strictest safety and quality standards \u2013 because your baby\u2019s safety and comfort always come first.<\/p>\n<p>Features of Flip White &amp; Oak Chest:<\/p>\n<ul>\n<li><strong>Safety standards:<\/strong>\u00a0MSZ EN 716-1:2017<\/li>\n<li>Materials used: panel<\/li>\n<\/ul>\n<p>Specifications:<\/p>\n<ul>\n<li><strong>Size:<\/strong>: 86 \u00d7 48 \u00d7 92 cm<\/li>\n<li class=\" translation-block\"><strong>Weight:<\/strong>\u00a045 kg<\/li>\n<li><strong>Number of packages:<\/strong>\u00a02 pieces (89 \u00d7 52 \u00d7 13 cm, 85 \u00d7 52 \u00d7 10,5 cm)<\/li>\n<\/ul>\n","protected":false},"excerpt":{"rendered":"<ul>\n<li class=\" translation-block\" aria-level=\"1\">3 drawers with a capacity of 46 litres each are ready to be filled with baby essentials (we know there\u2019s no such thing as \u201cenough\u201d space).<\/li>\n<li aria-level=\"1\"><b>This T\u00dcV certificated<\/b>\u00a0dresser meets the strictest safety and quality standards. You can choose it with peace of mind, knowing your baby\u2019s safety and comfort always come first for us.<\/li>\n<li aria-level=\"1\">Drawers with high-quality fittings, mounted from underneath for a cleaner look.<\/li>\n<\/ul>\n","protected":false},"featured_media":22911,"template":"","meta":[],"product_brand":[],"product_cat":[308],"product_tag":[],"class_list":{"0":"post-22907","1":"product","2":"type-product","3":"status-publish","4":"has-post-thumbnail","6":"product_cat-furniture-faktum-en","8":"first","9":"instock","10":"sale","11":"shipping-taxable","12":"purchasable","13":"product-type-simple"},"yoast_head":"<!-- This site is optimized with the Yoast SEO plugin v25.7 - https:\/\/yoast.com\/wordpress\/plugins\/seo\/ -->\n<title>Faktum Flip White &amp; Oak Chest - Wally - \u0544\u0561\u0576\u056f\u0561\u056f\u0561\u0576 \u057a\u0561\u0580\u0561\u0563\u0561\u0576\u0565\u0580<\/title>\n<meta name=\"robots\" content=\"index, follow, max-snippet:-1, max-image-preview:large, max-video-preview:-1\" \/>\n<link rel=\"canonical\" href=\"https:\/\/wally.am\/en\/product\/faktum-flip-white-oak-chest\/\" \/>\n<meta property=\"og:locale\" content=\"en_US\" \/>\n<meta property=\"og:type\" content=\"article\" \/>\n<meta property=\"og:title\" content=\"Faktum Flip White &amp; Oak Chest - Wally - \u0544\u0561\u0576\u056f\u0561\u056f\u0561\u0576 \u057a\u0561\u0580\u0561\u0563\u0561\u0576\u0565\u0580\" \/>\n<meta property=\"og:description\" content=\"3 drawers with a capacity of 46 litres each are ready to be filled with baby essentials (we know there\u2019s no such thing as \u201cenough\u201d space).  This T\u00dcV certificated\u00a0dresser meets the strictest safety and quality standards. You can choose it with peace of mind, knowing your baby\u2019s safety and comfort always come first for us.  Drawers with high-quality fittings, mounted from underneath for a cleaner look.\" \/>\n<meta property=\"og:url\" content=\"https:\/\/wally.am\/en\/product\/faktum-flip-white-oak-chest\/\" \/>\n<meta property=\"og:site_name\" content=\"Wally - \u0544\u0561\u0576\u056f\u0561\u056f\u0561\u0576 \u057a\u0561\u0580\u0561\u0563\u0561\u0576\u0565\u0580\" \/>\n<meta property=\"article:publisher\" content=\"https:\/\/www.facebook.com\/wallykids\" \/>\n<meta property=\"article:modified_time\" content=\"2026-03-26T20:35:17+00:00\" \/>\n<meta property=\"og:image\" content=\"https:\/\/wally.am\/wp-content\/uploads\/2025\/11\/flip-whiteoak-komod-jobb.jpg\" \/>\n\t<meta property=\"og:image:width\" content=\"1656\" \/>\n\t<meta property=\"og:image:height\" content=\"1656\" \/>\n\t<meta property=\"og:image:type\" content=\"image\/jpeg\" \/>\n<meta name=\"twitter:card\" content=\"summary_large_image\" \/>\n<meta name=\"twitter:label1\" content=\"Est. reading time\" \/>\n\t<meta name=\"twitter:data1\" content=\"2 minutes\" \/>\n<script type=\"application\/ld+json\" class=\"yoast-schema-graph\">{\"@context\":\"https:\/\/schema.org\",\"@graph\":[{\"@type\":\"WebPage\",\"@id\":\"https:\/\/wally.am\/en\/product\/faktum-flip-white-oak-chest\/\",\"url\":\"https:\/\/wally.am\/en\/product\/faktum-flip-white-oak-chest\/\",\"name\":\"Faktum Flip White & Oak Chest - Wally - \u0544\u0561\u0576\u056f\u0561\u056f\u0561\u0576 \u057a\u0561\u0580\u0561\u0563\u0561\u0576\u0565\u0580\",\"isPartOf\":{\"@id\":\"https:\/\/wally.am\/en\/#website\"},\"primaryImageOfPage\":{\"@id\":\"https:\/\/wally.am\/en\/product\/faktum-flip-white-oak-chest\/#primaryimage\"},\"image\":{\"@id\":\"https:\/\/wally.am\/en\/product\/faktum-flip-white-oak-chest\/#primaryimage\"},\"thumbnailUrl\":\"https:\/\/wally.am\/wp-content\/uploads\/2025\/11\/flip-whiteoak-komod-jobb.jpg\",\"datePublished\":\"2025-11-13T19:32:58+00:00\",\"dateModified\":\"2026-03-26T20:35:17+00:00\",\"breadcrumb\":{\"@id\":\"https:\/\/wally.am\/en\/product\/faktum-flip-white-oak-chest\/#breadcrumb\"},\"inLanguage\":\"en-US\",\"potentialAction\":[{\"@type\":\"ReadAction\",\"target\":[\"https:\/\/wally.am\/en\/product\/faktum-flip-white-oak-chest\/\"]}]},{\"@type\":\"ImageObject\",\"inLanguage\":\"en-US\",\"@id\":\"https:\/\/wally.am\/en\/product\/faktum-flip-white-oak-chest\/#primaryimage\",\"url\":\"https:\/\/wally.am\/wp-content\/uploads\/2025\/11\/flip-whiteoak-komod-jobb.jpg\",\"contentUrl\":\"https:\/\/wally.am\/wp-content\/uploads\/2025\/11\/flip-whiteoak-komod-jobb.jpg\",\"width\":1656,\"height\":1656},{\"@type\":\"BreadcrumbList\",\"@id\":\"https:\/\/wally.am\/en\/product\/faktum-flip-white-oak-chest\/#breadcrumb\",\"itemListElement\":[{\"@type\":\"ListItem\",\"position\":1,\"name\":\"\u0533\u056c\u056d\u0561\u057e\u0578\u0580 \u0567\u057b\",\"item\":\"https:\/\/wally.am\/en\/\"},{\"@type\":\"ListItem\",\"position\":2,\"name\":\"\u041c\u0430\u0433\u0430\u0437\u0438\u043d\",\"item\":\"https:\/\/wally.am\/shop\/\"},{\"@type\":\"ListItem\",\"position\":3,\"name\":\"Faktum Flip White &#038; Oak Chest\"}]},{\"@type\":\"WebSite\",\"@id\":\"https:\/\/wally.am\/en\/#website\",\"url\":\"https:\/\/wally.am\/en\/\",\"name\":\"Wally - \u0544\u0561\u0576\u056f\u0561\u056f\u0561\u0576 \u057a\u0561\u0580\u0561\u0563\u0561\u0576\u0565\u0580\",\"description\":\"\",\"publisher\":{\"@id\":\"https:\/\/wally.am\/en\/#organization\"},\"potentialAction\":[{\"@type\":\"SearchAction\",\"target\":{\"@type\":\"EntryPoint\",\"urlTemplate\":\"https:\/\/wally.am\/en\/?s={search_term_string}\"},\"query-input\":{\"@type\":\"PropertyValueSpecification\",\"valueRequired\":true,\"valueName\":\"search_term_string\"}}],\"inLanguage\":\"en-US\"},{\"@type\":\"Organization\",\"@id\":\"https:\/\/wally.am\/en\/#organization\",\"name\":\"Wally - \u0544\u0561\u0576\u056f\u0561\u056f\u0561\u0576 \u057a\u0561\u0580\u0561\u0563\u0561\u0576\u0565\u0580\",\"url\":\"https:\/\/wally.am\/en\/\",\"logo\":{\"@type\":\"ImageObject\",\"inLanguage\":\"en-US\",\"@id\":\"https:\/\/wally.am\/en\/#\/schema\/logo\/image\/\",\"url\":\"https:\/\/wally.am\/wp-content\/uploads\/2025\/01\/wally-logo.png\",\"contentUrl\":\"https:\/\/wally.am\/wp-content\/uploads\/2025\/01\/wally-logo.png\",\"width\":3000,\"height\":1808,\"caption\":\"Wally - \u0544\u0561\u0576\u056f\u0561\u056f\u0561\u0576 \u057a\u0561\u0580\u0561\u0563\u0561\u0576\u0565\u0580\"},\"image\":{\"@id\":\"https:\/\/wally.am\/en\/#\/schema\/logo\/image\/\"},\"sameAs\":[\"https:\/\/www.facebook.com\/wallykids\",\"https:\/\/www.instagram.com\/wally_kids\/\"]}]}<\/script>\n<!-- \/ Yoast SEO plugin. -->","yoast_head_json":{"title":"Faktum Flip White & Oak Chest - Wally - \u0544\u0561\u0576\u056f\u0561\u056f\u0561\u0576 \u057a\u0561\u0580\u0561\u0563\u0561\u0576\u0565\u0580","robots":{"index":"index","follow":"follow","max-snippet":"max-snippet:-1","max-image-preview":"max-image-preview:large","max-video-preview":"max-video-preview:-1"},"canonical":"https:\/\/wally.am\/en\/product\/faktum-flip-white-oak-chest\/","og_locale":"en_US","og_type":"article","og_title":"Faktum Flip White & Oak Chest - Wally - \u0544\u0561\u0576\u056f\u0561\u056f\u0561\u0576 \u057a\u0561\u0580\u0561\u0563\u0561\u0576\u0565\u0580","og_description":"3 drawers with a capacity of 46 litres each are ready to be filled with baby essentials (we know there\u2019s no such thing as \u201cenough\u201d space).  This T\u00dcV certificated\u00a0dresser meets the strictest safety and quality standards. You can choose it with peace of mind, knowing your baby\u2019s safety and comfort always come first for us.  Drawers with high-quality fittings, mounted from underneath for a cleaner look.","og_url":"https:\/\/wally.am\/en\/product\/faktum-flip-white-oak-chest\/","og_site_name":"Wally - \u0544\u0561\u0576\u056f\u0561\u056f\u0561\u0576 \u057a\u0561\u0580\u0561\u0563\u0561\u0576\u0565\u0580","article_publisher":"https:\/\/www.facebook.com\/wallykids","article_modified_time":"2026-03-26T20:35:17+00:00","og_image":[{"width":1656,"height":1656,"url":"https:\/\/wally.am\/wp-content\/uploads\/2025\/11\/flip-whiteoak-komod-jobb.jpg","type":"image\/jpeg"}],"twitter_card":"summary_large_image","twitter_misc":{"Est. reading time":"2 minutes"},"schema":{"@context":"https:\/\/schema.org","@graph":[{"@type":"WebPage","@id":"https:\/\/wally.am\/en\/product\/faktum-flip-white-oak-chest\/","url":"https:\/\/wally.am\/en\/product\/faktum-flip-white-oak-chest\/","name":"Faktum Flip White & Oak Chest - Wally - \u0544\u0561\u0576\u056f\u0561\u056f\u0561\u0576 \u057a\u0561\u0580\u0561\u0563\u0561\u0576\u0565\u0580","isPartOf":{"@id":"https:\/\/wally.am\/en\/#website"},"primaryImageOfPage":{"@id":"https:\/\/wally.am\/en\/product\/faktum-flip-white-oak-chest\/#primaryimage"},"image":{"@id":"https:\/\/wally.am\/en\/product\/faktum-flip-white-oak-chest\/#primaryimage"},"thumbnailUrl":"https:\/\/wally.am\/wp-content\/uploads\/2025\/11\/flip-whiteoak-komod-jobb.jpg","datePublished":"2025-11-13T19:32:58+00:00","dateModified":"2026-03-26T20:35:17+00:00","breadcrumb":{"@id":"https:\/\/wally.am\/en\/product\/faktum-flip-white-oak-chest\/#breadcrumb"},"inLanguage":"en-US","potentialAction":[{"@type":"ReadAction","target":["https:\/\/wally.am\/en\/product\/faktum-flip-white-oak-chest\/"]}]},{"@type":"ImageObject","inLanguage":"en-US","@id":"https:\/\/wally.am\/en\/product\/faktum-flip-white-oak-chest\/#primaryimage","url":"https:\/\/wally.am\/wp-content\/uploads\/2025\/11\/flip-whiteoak-komod-jobb.jpg","contentUrl":"https:\/\/wally.am\/wp-content\/uploads\/2025\/11\/flip-whiteoak-komod-jobb.jpg","width":1656,"height":1656},{"@type":"BreadcrumbList","@id":"https:\/\/wally.am\/en\/product\/faktum-flip-white-oak-chest\/#breadcrumb","itemListElement":[{"@type":"ListItem","position":1,"name":"\u0533\u056c\u056d\u0561\u057e\u0578\u0580 \u0567\u057b","item":"https:\/\/wally.am\/en\/"},{"@type":"ListItem","position":2,"name":"\u041c\u0430\u0433\u0430\u0437\u0438\u043d","item":"https:\/\/wally.am\/shop\/"},{"@type":"ListItem","position":3,"name":"Faktum Flip White &#038; Oak Chest"}]},{"@type":"WebSite","@id":"https:\/\/wally.am\/en\/#website","url":"https:\/\/wally.am\/en\/","name":"Wally - \u0544\u0561\u0576\u056f\u0561\u056f\u0561\u0576 \u057a\u0561\u0580\u0561\u0563\u0561\u0576\u0565\u0580","description":"","publisher":{"@id":"https:\/\/wally.am\/en\/#organization"},"potentialAction":[{"@type":"SearchAction","target":{"@type":"EntryPoint","urlTemplate":"https:\/\/wally.am\/en\/?s={search_term_string}"},"query-input":{"@type":"PropertyValueSpecification","valueRequired":true,"valueName":"search_term_string"}}],"inLanguage":"en-US"},{"@type":"Organization","@id":"https:\/\/wally.am\/en\/#organization","name":"Wally - \u0544\u0561\u0576\u056f\u0561\u056f\u0561\u0576 \u057a\u0561\u0580\u0561\u0563\u0561\u0576\u0565\u0580","url":"https:\/\/wally.am\/en\/","logo":{"@type":"ImageObject","inLanguage":"en-US","@id":"https:\/\/wally.am\/en\/#\/schema\/logo\/image\/","url":"https:\/\/wally.am\/wp-content\/uploads\/2025\/01\/wally-logo.png","contentUrl":"https:\/\/wally.am\/wp-content\/uploads\/2025\/01\/wally-logo.png","width":3000,"height":1808,"caption":"Wally - \u0544\u0561\u0576\u056f\u0561\u056f\u0561\u0576 \u057a\u0561\u0580\u0561\u0563\u0561\u0576\u0565\u0580"},"image":{"@id":"https:\/\/wally.am\/en\/#\/schema\/logo\/image\/"},"sameAs":["https:\/\/www.facebook.com\/wallykids","https:\/\/www.instagram.com\/wally_kids\/"]}]}},"_links":{"self":[{"href":"https:\/\/wally.am\/en\/wp-json\/wp\/v2\/product\/22907","targetHints":{"allow":["GET"]}}],"collection":[{"href":"https:\/\/wally.am\/en\/wp-json\/wp\/v2\/product"}],"about":[{"href":"https:\/\/wally.am\/en\/wp-json\/wp\/v2\/types\/product"}],"version-history":[{"count":1,"href":"https:\/\/wally.am\/en\/wp-json\/wp\/v2\/product\/22907\/revisions"}],"predecessor-version":[{"id":22923,"href":"https:\/\/wally.am\/en\/wp-json\/wp\/v2\/product\/22907\/revisions\/22923"}],"wp:featuredmedia":[{"embeddable":true,"href":"https:\/\/wally.am\/en\/wp-json\/wp\/v2\/media\/22911"}],"wp:attachment":[{"href":"https:\/\/wally.am\/en\/wp-json\/wp\/v2\/media?parent=22907"}],"wp:term":[{"taxonomy":"product_brand","embeddable":true,"href":"https:\/\/wally.am\/en\/wp-json\/wp\/v2\/product_brand?post=22907"},{"taxonomy":"product_cat","embeddable":true,"href":"https:\/\/wally.am\/en\/wp-json\/wp\/v2\/product_cat?post=22907"},{"taxonomy":"product_tag","embeddable":true,"href":"https:\/\/wally.am\/en\/wp-json\/wp\/v2\/product_tag?post=22907"}],"curies":[{"name":"wp","href":"https:\/\/api.w.org\/{rel}","templated":true}]}}