{"id":22952,"date":"2025-11-14T00:01:25","date_gmt":"2025-11-13T21:01:25","guid":{"rendered":"https:\/\/wally.am\/?post_type=product&#038;p=22952"},"modified":"2026-04-11T17:03:46","modified_gmt":"2026-04-11T14:03:46","slug":"faktum-flip-white-oak-bed-140x70","status":"publish","type":"product","link":"https:\/\/wally.am\/en\/product\/faktum-flip-white-oak-bed-140x70\/","title":{"rendered":"Faktum Flip White &#038; Oak Bed 140&#215;70"},"content":{"rendered":"<p class=\" translation-block\">This 140&#215;70 Bed features a sleeping surface adjustable to 3 heights\u00a0<i>(22.2 cm, 35.2 cm, 52.2 cm)<\/i>\u00a0and can be converted into a junior bed, providing a comfortable sleeping place from the very beginning through to early childhood. Its stable structure and premium design offer a long-term solution for your child.<\/p>\n<p>Features of Flip White &amp; Oak Bed 140&#215;70<\/p>\n<ul>\n<li><strong>Safety standards:<\/strong>\u00a0MSZ EN 716-1:2017<\/li>\n<li><strong>Used materials:<\/strong>\u00a0Panel \/ solid wood<\/li>\n<\/ul>\n<p>Specifications:<\/p>\n<ul>\n<li><strong>Size:<\/strong>\u00a0144 \u00d7 75 \u00d7 101 cm<\/li>\n<li><strong>Weight:<\/strong>\u00a035 kg<\/li>\n<li><strong>Number of packages:<\/strong>\u00a02 db (790\u00d7 73 \u00d7 6 cm, 145\u00d7 76 \u00d7 10 cm)<\/li>\n<li><strong>Weight capacity:<\/strong>\u00a025 kg as a baby bed, 40 kg as a junior bed<\/li>\n<\/ul>\n","protected":false},"excerpt":{"rendered":"<p>\u053f\u0561\u0580\u0565\u056c\u056b \u0567 \u057e\u0565\u0580\u0561\u0583\u0578\u056d\u0565\u056c \u057a\u0561\u057f\u0561\u0576\u0565\u056f\u0561\u0576 \u0574\u0561\u0570\u0573\u0561\u056f\u0561\u056c\u056b\u055d \u0570\u0561\u0580\u0574\u0561\u0580 \u0585\u0563\u057f\u0561\u0563\u0578\u0580\u056e\u0574\u0561\u0576 \u0570\u0561\u0574\u0561\u0580 \u0574\u0578\u057f \u0574\u056b\u0576\u0579\u0587 7\u20138 \u057f\u0561\u0580\u0565\u056f\u0561\u0576\u0589<br data-start=\"160\" data-end=\"163\" \/>\u0554\u0576\u0565\u056c\u0578\u0582 \u0574\u0561\u056f\u0565\u0580\u0565\u057d\u0568 \u056f\u0561\u0580\u0563\u0561\u057e\u0578\u0580\u057e\u0578\u0582\u0574 \u0567 \u0565\u0580\u0565\u0584 \u0562\u0561\u0580\u0571\u0580\u0578\u0582\u0569\u0575\u0561\u0576 (22,2 \u057d\u0574, 35,2 \u057d\u0574, 52,2 \u057d\u0574), \u0578\u0582\u057d\u057f\u056b \u0574\u0561\u0570\u0573\u0561\u056f\u0561\u056c\u0568 \u00ab\u0561\u0573\u0578\u0582\u0574 \u0567\u00bb \u0571\u0565\u0580 \u0565\u0580\u0565\u056d\u0561\u0575\u056b \u0570\u0565\u057f \u0574\u056b\u0561\u057d\u056b\u0576\u0589<br data-start=\"289\" data-end=\"292\" \/>\u0531\u0575\u057d T\u00dcV \u057d\u0565\u0580\u057f\u056b\u0586\u056b\u056f\u0561\u0581\u057e\u0561\u056e \u0574\u0561\u0576\u056f\u0561\u056f\u0561\u0576 \u0574\u0561\u0570\u0573\u0561\u056f\u0561\u056c\u0568 \u0565\u0580\u0561\u0577\u056d\u0561\u057e\u0578\u0580\u0578\u0582\u0574 \u0567, \u0578\u0580 Faktum-\u056b \u0574\u0561\u0570\u0573\u0561\u056f\u0561\u056c\u0576\u0565\u0580\u0568 \u0570\u0561\u0574\u0561\u057a\u0561\u057f\u0561\u057d\u056d\u0561\u0576\u0578\u0582\u0574 \u0565\u0576 \u0561\u0576\u057e\u057f\u0561\u0576\u0563\u0578\u0582\u0569\u0575\u0561\u0576 \u0587 \u0578\u0580\u0561\u056f\u056b \u0561\u0574\u0565\u0576\u0561\u056d\u056b\u057d\u057f \u0579\u0561\u0583\u0561\u0576\u056b\u0577\u0576\u0565\u0580\u056b\u0576\u0589 \u053f\u0561\u0580\u0578\u0572 \u0565\u0584 \u0561\u0575\u0576 \u0568\u0576\u057f\u0580\u0565\u056c \u0570\u0561\u0576\u0563\u056b\u057d\u057f \u057d\u0580\u057f\u0578\u057e\u055d \u057e\u057d\u057f\u0561\u0570 \u056c\u056b\u0576\u0565\u056c\u0578\u057e, \u0578\u0580 \u0571\u0565\u0580 \u0562\u0561\u056c\u056b\u056f\u056b \u0561\u0576\u057e\u057f\u0561\u0576\u0563\u0578\u0582\u0569\u0575\u0578\u0582\u0576\u0576 \u0578\u0582 \u0570\u0561\u0580\u0574\u0561\u0580\u0561\u057e\u0565\u057f\u0578\u0582\u0569\u0575\u0578\u0582\u0576\u0568 \u0574\u0565\u0566 \u0570\u0561\u0574\u0561\u0580 \u0574\u056b\u0577\u057f \u0561\u057c\u0561\u057b\u056b\u0576 \u057f\u0565\u0572\u0578\u0582\u0574 \u0565\u0576\u0589<\/p>\n","protected":false},"featured_media":22962,"template":"","meta":[],"product_brand":[],"product_cat":[308],"product_tag":[],"class_list":{"0":"post-22952","1":"product","2":"type-product","3":"status-publish","4":"has-post-thumbnail","6":"product_cat-furniture-faktum-en","8":"first","9":"instock","10":"sale","11":"shipping-taxable","12":"purchasable","13":"product-type-simple"},"yoast_head":"<!-- This site is optimized with the Yoast SEO plugin v25.7 - https:\/\/yoast.com\/wordpress\/plugins\/seo\/ -->\n<title>Faktum Flip White &amp; Oak Bed 140x70 - Wally - \u0544\u0561\u0576\u056f\u0561\u056f\u0561\u0576 \u057a\u0561\u0580\u0561\u0563\u0561\u0576\u0565\u0580<\/title>\n<meta name=\"robots\" content=\"index, follow, max-snippet:-1, max-image-preview:large, max-video-preview:-1\" \/>\n<link rel=\"canonical\" href=\"https:\/\/wally.am\/en\/product\/faktum-flip-white-oak-bed-140x70\/\" \/>\n<meta property=\"og:locale\" content=\"en_US\" \/>\n<meta property=\"og:type\" content=\"article\" \/>\n<meta property=\"og:title\" content=\"Faktum Flip White &amp; Oak Bed 140x70 - Wally - \u0544\u0561\u0576\u056f\u0561\u056f\u0561\u0576 \u057a\u0561\u0580\u0561\u0563\u0561\u0576\u0565\u0580\" \/>\n<meta property=\"og:description\" content=\"\u053f\u0561\u0580\u0565\u056c\u056b \u0567 \u057e\u0565\u0580\u0561\u0583\u0578\u056d\u0565\u056c \u057a\u0561\u057f\u0561\u0576\u0565\u056f\u0561\u0576 \u0574\u0561\u0570\u0573\u0561\u056f\u0561\u056c\u056b\u055d \u0570\u0561\u0580\u0574\u0561\u0580 \u0585\u0563\u057f\u0561\u0563\u0578\u0580\u056e\u0574\u0561\u0576 \u0570\u0561\u0574\u0561\u0580 \u0574\u0578\u057f \u0574\u056b\u0576\u0579\u0587 7\u20138 \u057f\u0561\u0580\u0565\u056f\u0561\u0576\u0589\u0554\u0576\u0565\u056c\u0578\u0582 \u0574\u0561\u056f\u0565\u0580\u0565\u057d\u0568 \u056f\u0561\u0580\u0563\u0561\u057e\u0578\u0580\u057e\u0578\u0582\u0574 \u0567 \u0565\u0580\u0565\u0584 \u0562\u0561\u0580\u0571\u0580\u0578\u0582\u0569\u0575\u0561\u0576 (22,2 \u057d\u0574, 35,2 \u057d\u0574, 52,2 \u057d\u0574), \u0578\u0582\u057d\u057f\u056b \u0574\u0561\u0570\u0573\u0561\u056f\u0561\u056c\u0568 \u00ab\u0561\u0573\u0578\u0582\u0574 \u0567\u00bb \u0571\u0565\u0580 \u0565\u0580\u0565\u056d\u0561\u0575\u056b \u0570\u0565\u057f \u0574\u056b\u0561\u057d\u056b\u0576\u0589\u0531\u0575\u057d T\u00dcV \u057d\u0565\u0580\u057f\u056b\u0586\u056b\u056f\u0561\u0581\u057e\u0561\u056e \u0574\u0561\u0576\u056f\u0561\u056f\u0561\u0576 \u0574\u0561\u0570\u0573\u0561\u056f\u0561\u056c\u0568 \u0565\u0580\u0561\u0577\u056d\u0561\u057e\u0578\u0580\u0578\u0582\u0574 \u0567, \u0578\u0580 Faktum-\u056b \u0574\u0561\u0570\u0573\u0561\u056f\u0561\u056c\u0576\u0565\u0580\u0568 \u0570\u0561\u0574\u0561\u057a\u0561\u057f\u0561\u057d\u056d\u0561\u0576\u0578\u0582\u0574 \u0565\u0576 \u0561\u0576\u057e\u057f\u0561\u0576\u0563\u0578\u0582\u0569\u0575\u0561\u0576 \u0587 \u0578\u0580\u0561\u056f\u056b \u0561\u0574\u0565\u0576\u0561\u056d\u056b\u057d\u057f \u0579\u0561\u0583\u0561\u0576\u056b\u0577\u0576\u0565\u0580\u056b\u0576\u0589 \u053f\u0561\u0580\u0578\u0572 \u0565\u0584 \u0561\u0575\u0576 \u0568\u0576\u057f\u0580\u0565\u056c \u0570\u0561\u0576\u0563\u056b\u057d\u057f \u057d\u0580\u057f\u0578\u057e\u055d \u057e\u057d\u057f\u0561\u0570 \u056c\u056b\u0576\u0565\u056c\u0578\u057e, \u0578\u0580 \u0571\u0565\u0580 \u0562\u0561\u056c\u056b\u056f\u056b \u0561\u0576\u057e\u057f\u0561\u0576\u0563\u0578\u0582\u0569\u0575\u0578\u0582\u0576\u0576 \u0578\u0582 \u0570\u0561\u0580\u0574\u0561\u0580\u0561\u057e\u0565\u057f\u0578\u0582\u0569\u0575\u0578\u0582\u0576\u0568 \u0574\u0565\u0566 \u0570\u0561\u0574\u0561\u0580 \u0574\u056b\u0577\u057f \u0561\u057c\u0561\u057b\u056b\u0576 \u057f\u0565\u0572\u0578\u0582\u0574 \u0565\u0576\u0589\" \/>\n<meta property=\"og:url\" content=\"https:\/\/wally.am\/en\/product\/faktum-flip-white-oak-bed-140x70\/\" \/>\n<meta property=\"og:site_name\" content=\"Wally - \u0544\u0561\u0576\u056f\u0561\u056f\u0561\u0576 \u057a\u0561\u0580\u0561\u0563\u0561\u0576\u0565\u0580\" \/>\n<meta property=\"article:publisher\" content=\"https:\/\/www.facebook.com\/wallykids\" \/>\n<meta property=\"article:modified_time\" content=\"2026-04-11T14:03:46+00:00\" \/>\n<meta property=\"og:image\" content=\"https:\/\/wally.am\/wp-content\/uploads\/2025\/11\/flip-whiteoak-atalakithato-140-es-babaagy-jobb.jpg\" \/>\n\t<meta property=\"og:image:width\" content=\"2144\" \/>\n\t<meta property=\"og:image:height\" content=\"2144\" \/>\n\t<meta property=\"og:image:type\" content=\"image\/jpeg\" \/>\n<meta name=\"twitter:card\" content=\"summary_large_image\" \/>\n<meta name=\"twitter:label1\" content=\"Est. reading time\" \/>\n\t<meta name=\"twitter:data1\" content=\"1 minute\" \/>\n<script type=\"application\/ld+json\" class=\"yoast-schema-graph\">{\"@context\":\"https:\/\/schema.org\",\"@graph\":[{\"@type\":\"WebPage\",\"@id\":\"https:\/\/wally.am\/en\/product\/faktum-flip-white-oak-bed-140x70\/\",\"url\":\"https:\/\/wally.am\/en\/product\/faktum-flip-white-oak-bed-140x70\/\",\"name\":\"Faktum Flip White & Oak Bed 140x70 - Wally - \u0544\u0561\u0576\u056f\u0561\u056f\u0561\u0576 \u057a\u0561\u0580\u0561\u0563\u0561\u0576\u0565\u0580\",\"isPartOf\":{\"@id\":\"https:\/\/wally.am\/en\/#website\"},\"primaryImageOfPage\":{\"@id\":\"https:\/\/wally.am\/en\/product\/faktum-flip-white-oak-bed-140x70\/#primaryimage\"},\"image\":{\"@id\":\"https:\/\/wally.am\/en\/product\/faktum-flip-white-oak-bed-140x70\/#primaryimage\"},\"thumbnailUrl\":\"https:\/\/wally.am\/wp-content\/uploads\/2025\/11\/flip-whiteoak-atalakithato-140-es-babaagy-jobb.jpg\",\"datePublished\":\"2025-11-13T21:01:25+00:00\",\"dateModified\":\"2026-04-11T14:03:46+00:00\",\"breadcrumb\":{\"@id\":\"https:\/\/wally.am\/en\/product\/faktum-flip-white-oak-bed-140x70\/#breadcrumb\"},\"inLanguage\":\"en-US\",\"potentialAction\":[{\"@type\":\"ReadAction\",\"target\":[\"https:\/\/wally.am\/en\/product\/faktum-flip-white-oak-bed-140x70\/\"]}]},{\"@type\":\"ImageObject\",\"inLanguage\":\"en-US\",\"@id\":\"https:\/\/wally.am\/en\/product\/faktum-flip-white-oak-bed-140x70\/#primaryimage\",\"url\":\"https:\/\/wally.am\/wp-content\/uploads\/2025\/11\/flip-whiteoak-atalakithato-140-es-babaagy-jobb.jpg\",\"contentUrl\":\"https:\/\/wally.am\/wp-content\/uploads\/2025\/11\/flip-whiteoak-atalakithato-140-es-babaagy-jobb.jpg\",\"width\":2144,\"height\":2144},{\"@type\":\"BreadcrumbList\",\"@id\":\"https:\/\/wally.am\/en\/product\/faktum-flip-white-oak-bed-140x70\/#breadcrumb\",\"itemListElement\":[{\"@type\":\"ListItem\",\"position\":1,\"name\":\"\u0533\u056c\u056d\u0561\u057e\u0578\u0580 \u0567\u057b\",\"item\":\"https:\/\/wally.am\/en\/\"},{\"@type\":\"ListItem\",\"position\":2,\"name\":\"\u041c\u0430\u0433\u0430\u0437\u0438\u043d\",\"item\":\"https:\/\/wally.am\/shop\/\"},{\"@type\":\"ListItem\",\"position\":3,\"name\":\"Faktum Flip White &#038; Oak Bed 140&#215;70\"}]},{\"@type\":\"WebSite\",\"@id\":\"https:\/\/wally.am\/en\/#website\",\"url\":\"https:\/\/wally.am\/en\/\",\"name\":\"Wally - \u0544\u0561\u0576\u056f\u0561\u056f\u0561\u0576 \u057a\u0561\u0580\u0561\u0563\u0561\u0576\u0565\u0580\",\"description\":\"\",\"publisher\":{\"@id\":\"https:\/\/wally.am\/en\/#organization\"},\"potentialAction\":[{\"@type\":\"SearchAction\",\"target\":{\"@type\":\"EntryPoint\",\"urlTemplate\":\"https:\/\/wally.am\/en\/?s={search_term_string}\"},\"query-input\":{\"@type\":\"PropertyValueSpecification\",\"valueRequired\":true,\"valueName\":\"search_term_string\"}}],\"inLanguage\":\"en-US\"},{\"@type\":\"Organization\",\"@id\":\"https:\/\/wally.am\/en\/#organization\",\"name\":\"Wally - \u0544\u0561\u0576\u056f\u0561\u056f\u0561\u0576 \u057a\u0561\u0580\u0561\u0563\u0561\u0576\u0565\u0580\",\"url\":\"https:\/\/wally.am\/en\/\",\"logo\":{\"@type\":\"ImageObject\",\"inLanguage\":\"en-US\",\"@id\":\"https:\/\/wally.am\/en\/#\/schema\/logo\/image\/\",\"url\":\"https:\/\/wally.am\/wp-content\/uploads\/2025\/01\/wally-logo.png\",\"contentUrl\":\"https:\/\/wally.am\/wp-content\/uploads\/2025\/01\/wally-logo.png\",\"width\":3000,\"height\":1808,\"caption\":\"Wally - \u0544\u0561\u0576\u056f\u0561\u056f\u0561\u0576 \u057a\u0561\u0580\u0561\u0563\u0561\u0576\u0565\u0580\"},\"image\":{\"@id\":\"https:\/\/wally.am\/en\/#\/schema\/logo\/image\/\"},\"sameAs\":[\"https:\/\/www.facebook.com\/wallykids\",\"https:\/\/www.instagram.com\/wally_kids\/\"]}]}<\/script>\n<!-- \/ Yoast SEO plugin. -->","yoast_head_json":{"title":"Faktum Flip White & Oak Bed 140x70 - Wally - \u0544\u0561\u0576\u056f\u0561\u056f\u0561\u0576 \u057a\u0561\u0580\u0561\u0563\u0561\u0576\u0565\u0580","robots":{"index":"index","follow":"follow","max-snippet":"max-snippet:-1","max-image-preview":"max-image-preview:large","max-video-preview":"max-video-preview:-1"},"canonical":"https:\/\/wally.am\/en\/product\/faktum-flip-white-oak-bed-140x70\/","og_locale":"en_US","og_type":"article","og_title":"Faktum Flip White & Oak Bed 140x70 - Wally - \u0544\u0561\u0576\u056f\u0561\u056f\u0561\u0576 \u057a\u0561\u0580\u0561\u0563\u0561\u0576\u0565\u0580","og_description":"\u053f\u0561\u0580\u0565\u056c\u056b \u0567 \u057e\u0565\u0580\u0561\u0583\u0578\u056d\u0565\u056c \u057a\u0561\u057f\u0561\u0576\u0565\u056f\u0561\u0576 \u0574\u0561\u0570\u0573\u0561\u056f\u0561\u056c\u056b\u055d \u0570\u0561\u0580\u0574\u0561\u0580 \u0585\u0563\u057f\u0561\u0563\u0578\u0580\u056e\u0574\u0561\u0576 \u0570\u0561\u0574\u0561\u0580 \u0574\u0578\u057f \u0574\u056b\u0576\u0579\u0587 7\u20138 \u057f\u0561\u0580\u0565\u056f\u0561\u0576\u0589\u0554\u0576\u0565\u056c\u0578\u0582 \u0574\u0561\u056f\u0565\u0580\u0565\u057d\u0568 \u056f\u0561\u0580\u0563\u0561\u057e\u0578\u0580\u057e\u0578\u0582\u0574 \u0567 \u0565\u0580\u0565\u0584 \u0562\u0561\u0580\u0571\u0580\u0578\u0582\u0569\u0575\u0561\u0576 (22,2 \u057d\u0574, 35,2 \u057d\u0574, 52,2 \u057d\u0574), \u0578\u0582\u057d\u057f\u056b \u0574\u0561\u0570\u0573\u0561\u056f\u0561\u056c\u0568 \u00ab\u0561\u0573\u0578\u0582\u0574 \u0567\u00bb \u0571\u0565\u0580 \u0565\u0580\u0565\u056d\u0561\u0575\u056b \u0570\u0565\u057f \u0574\u056b\u0561\u057d\u056b\u0576\u0589\u0531\u0575\u057d T\u00dcV \u057d\u0565\u0580\u057f\u056b\u0586\u056b\u056f\u0561\u0581\u057e\u0561\u056e \u0574\u0561\u0576\u056f\u0561\u056f\u0561\u0576 \u0574\u0561\u0570\u0573\u0561\u056f\u0561\u056c\u0568 \u0565\u0580\u0561\u0577\u056d\u0561\u057e\u0578\u0580\u0578\u0582\u0574 \u0567, \u0578\u0580 Faktum-\u056b \u0574\u0561\u0570\u0573\u0561\u056f\u0561\u056c\u0576\u0565\u0580\u0568 \u0570\u0561\u0574\u0561\u057a\u0561\u057f\u0561\u057d\u056d\u0561\u0576\u0578\u0582\u0574 \u0565\u0576 \u0561\u0576\u057e\u057f\u0561\u0576\u0563\u0578\u0582\u0569\u0575\u0561\u0576 \u0587 \u0578\u0580\u0561\u056f\u056b \u0561\u0574\u0565\u0576\u0561\u056d\u056b\u057d\u057f \u0579\u0561\u0583\u0561\u0576\u056b\u0577\u0576\u0565\u0580\u056b\u0576\u0589 \u053f\u0561\u0580\u0578\u0572 \u0565\u0584 \u0561\u0575\u0576 \u0568\u0576\u057f\u0580\u0565\u056c \u0570\u0561\u0576\u0563\u056b\u057d\u057f \u057d\u0580\u057f\u0578\u057e\u055d \u057e\u057d\u057f\u0561\u0570 \u056c\u056b\u0576\u0565\u056c\u0578\u057e, \u0578\u0580 \u0571\u0565\u0580 \u0562\u0561\u056c\u056b\u056f\u056b \u0561\u0576\u057e\u057f\u0561\u0576\u0563\u0578\u0582\u0569\u0575\u0578\u0582\u0576\u0576 \u0578\u0582 \u0570\u0561\u0580\u0574\u0561\u0580\u0561\u057e\u0565\u057f\u0578\u0582\u0569\u0575\u0578\u0582\u0576\u0568 \u0574\u0565\u0566 \u0570\u0561\u0574\u0561\u0580 \u0574\u056b\u0577\u057f \u0561\u057c\u0561\u057b\u056b\u0576 \u057f\u0565\u0572\u0578\u0582\u0574 \u0565\u0576\u0589","og_url":"https:\/\/wally.am\/en\/product\/faktum-flip-white-oak-bed-140x70\/","og_site_name":"Wally - \u0544\u0561\u0576\u056f\u0561\u056f\u0561\u0576 \u057a\u0561\u0580\u0561\u0563\u0561\u0576\u0565\u0580","article_publisher":"https:\/\/www.facebook.com\/wallykids","article_modified_time":"2026-04-11T14:03:46+00:00","og_image":[{"width":2144,"height":2144,"url":"https:\/\/wally.am\/wp-content\/uploads\/2025\/11\/flip-whiteoak-atalakithato-140-es-babaagy-jobb.jpg","type":"image\/jpeg"}],"twitter_card":"summary_large_image","twitter_misc":{"Est. reading time":"1 minute"},"schema":{"@context":"https:\/\/schema.org","@graph":[{"@type":"WebPage","@id":"https:\/\/wally.am\/en\/product\/faktum-flip-white-oak-bed-140x70\/","url":"https:\/\/wally.am\/en\/product\/faktum-flip-white-oak-bed-140x70\/","name":"Faktum Flip White & Oak Bed 140x70 - Wally - \u0544\u0561\u0576\u056f\u0561\u056f\u0561\u0576 \u057a\u0561\u0580\u0561\u0563\u0561\u0576\u0565\u0580","isPartOf":{"@id":"https:\/\/wally.am\/en\/#website"},"primaryImageOfPage":{"@id":"https:\/\/wally.am\/en\/product\/faktum-flip-white-oak-bed-140x70\/#primaryimage"},"image":{"@id":"https:\/\/wally.am\/en\/product\/faktum-flip-white-oak-bed-140x70\/#primaryimage"},"thumbnailUrl":"https:\/\/wally.am\/wp-content\/uploads\/2025\/11\/flip-whiteoak-atalakithato-140-es-babaagy-jobb.jpg","datePublished":"2025-11-13T21:01:25+00:00","dateModified":"2026-04-11T14:03:46+00:00","breadcrumb":{"@id":"https:\/\/wally.am\/en\/product\/faktum-flip-white-oak-bed-140x70\/#breadcrumb"},"inLanguage":"en-US","potentialAction":[{"@type":"ReadAction","target":["https:\/\/wally.am\/en\/product\/faktum-flip-white-oak-bed-140x70\/"]}]},{"@type":"ImageObject","inLanguage":"en-US","@id":"https:\/\/wally.am\/en\/product\/faktum-flip-white-oak-bed-140x70\/#primaryimage","url":"https:\/\/wally.am\/wp-content\/uploads\/2025\/11\/flip-whiteoak-atalakithato-140-es-babaagy-jobb.jpg","contentUrl":"https:\/\/wally.am\/wp-content\/uploads\/2025\/11\/flip-whiteoak-atalakithato-140-es-babaagy-jobb.jpg","width":2144,"height":2144},{"@type":"BreadcrumbList","@id":"https:\/\/wally.am\/en\/product\/faktum-flip-white-oak-bed-140x70\/#breadcrumb","itemListElement":[{"@type":"ListItem","position":1,"name":"\u0533\u056c\u056d\u0561\u057e\u0578\u0580 \u0567\u057b","item":"https:\/\/wally.am\/en\/"},{"@type":"ListItem","position":2,"name":"\u041c\u0430\u0433\u0430\u0437\u0438\u043d","item":"https:\/\/wally.am\/shop\/"},{"@type":"ListItem","position":3,"name":"Faktum Flip White &#038; Oak Bed 140&#215;70"}]},{"@type":"WebSite","@id":"https:\/\/wally.am\/en\/#website","url":"https:\/\/wally.am\/en\/","name":"Wally - \u0544\u0561\u0576\u056f\u0561\u056f\u0561\u0576 \u057a\u0561\u0580\u0561\u0563\u0561\u0576\u0565\u0580","description":"","publisher":{"@id":"https:\/\/wally.am\/en\/#organization"},"potentialAction":[{"@type":"SearchAction","target":{"@type":"EntryPoint","urlTemplate":"https:\/\/wally.am\/en\/?s={search_term_string}"},"query-input":{"@type":"PropertyValueSpecification","valueRequired":true,"valueName":"search_term_string"}}],"inLanguage":"en-US"},{"@type":"Organization","@id":"https:\/\/wally.am\/en\/#organization","name":"Wally - \u0544\u0561\u0576\u056f\u0561\u056f\u0561\u0576 \u057a\u0561\u0580\u0561\u0563\u0561\u0576\u0565\u0580","url":"https:\/\/wally.am\/en\/","logo":{"@type":"ImageObject","inLanguage":"en-US","@id":"https:\/\/wally.am\/en\/#\/schema\/logo\/image\/","url":"https:\/\/wally.am\/wp-content\/uploads\/2025\/01\/wally-logo.png","contentUrl":"https:\/\/wally.am\/wp-content\/uploads\/2025\/01\/wally-logo.png","width":3000,"height":1808,"caption":"Wally - \u0544\u0561\u0576\u056f\u0561\u056f\u0561\u0576 \u057a\u0561\u0580\u0561\u0563\u0561\u0576\u0565\u0580"},"image":{"@id":"https:\/\/wally.am\/en\/#\/schema\/logo\/image\/"},"sameAs":["https:\/\/www.facebook.com\/wallykids","https:\/\/www.instagram.com\/wally_kids\/"]}]}},"_links":{"self":[{"href":"https:\/\/wally.am\/en\/wp-json\/wp\/v2\/product\/22952","targetHints":{"allow":["GET"]}}],"collection":[{"href":"https:\/\/wally.am\/en\/wp-json\/wp\/v2\/product"}],"about":[{"href":"https:\/\/wally.am\/en\/wp-json\/wp\/v2\/types\/product"}],"version-history":[{"count":5,"href":"https:\/\/wally.am\/en\/wp-json\/wp\/v2\/product\/22952\/revisions"}],"predecessor-version":[{"id":22995,"href":"https:\/\/wally.am\/en\/wp-json\/wp\/v2\/product\/22952\/revisions\/22995"}],"wp:featuredmedia":[{"embeddable":true,"href":"https:\/\/wally.am\/en\/wp-json\/wp\/v2\/media\/22962"}],"wp:attachment":[{"href":"https:\/\/wally.am\/en\/wp-json\/wp\/v2\/media?parent=22952"}],"wp:term":[{"taxonomy":"product_brand","embeddable":true,"href":"https:\/\/wally.am\/en\/wp-json\/wp\/v2\/product_brand?post=22952"},{"taxonomy":"product_cat","embeddable":true,"href":"https:\/\/wally.am\/en\/wp-json\/wp\/v2\/product_cat?post=22952"},{"taxonomy":"product_tag","embeddable":true,"href":"https:\/\/wally.am\/en\/wp-json\/wp\/v2\/product_tag?post=22952"}],"curies":[{"name":"wp","href":"https:\/\/api.w.org\/{rel}","templated":true}]}}